{"id":206,"date":"2016-10-05T13:31:09","date_gmt":"2016-10-05T10:31:09","guid":{"rendered":"http:\/\/brainwork.com.tr\/en\/?page_id=206"},"modified":"2016-12-09T09:35:56","modified_gmt":"2016-12-09T07:35:56","slug":"office","status":"publish","type":"page","link":"https:\/\/brainwork.com.tr\/en\/about-us\/office\/","title":{"rendered":"Office"},"content":{"rendered":"<p>Ankara Office: \u00c7etin Eme\u00e7 Bulvar\u0131 Kabil Cad. (4. Cad) No:3\/13 \u00c7ankaya Ankara<\/p>\n","protected":false},"excerpt":{"rendered":"<p>Ankara Office: \u00c7etin Eme\u00e7 Bulvar\u0131 Kabil Cad. (4. Cad) No:3\/13 \u00c7ankaya Ankara<\/p>\n","protected":false},"author":1,"featured_media":0,"parent":194,"menu_order":0,"comment_status":"closed","ping_status":"closed","template":"template-fullwidth.php","meta":{"_links_to":"","_links_to_target":""},"_links":{"self":[{"href":"https:\/\/brainwork.com.tr\/en\/wp-json\/wp\/v2\/pages\/206"}],"collection":[{"href":"https:\/\/brainwork.com.tr\/en\/wp-json\/wp\/v2\/pages"}],"about":[{"href":"https:\/\/brainwork.com.tr\/en\/wp-json\/wp\/v2\/types\/page"}],"author":[{"embeddable":true,"href":"https:\/\/brainwork.com.tr\/en\/wp-json\/wp\/v2\/users\/1"}],"replies":[{"embeddable":true,"href":"https:\/\/brainwork.com.tr\/en\/wp-json\/wp\/v2\/comments?post=206"}],"version-history":[{"count":0,"href":"https:\/\/brainwork.com.tr\/en\/wp-json\/wp\/v2\/pages\/206\/revisions"}],"up":[{"embeddable":true,"href":"https:\/\/brainwork.com.tr\/en\/wp-json\/wp\/v2\/pages\/194"}],"wp:attachment":[{"href":"https:\/\/brainwork.com.tr\/en\/wp-json\/wp\/v2\/media?parent=206"}],"curies":[{"name":"wp","href":"https:\/\/api.w.org\/{rel}","templated":true}]}}