{"id":239,"date":"2016-10-05T13:43:11","date_gmt":"2016-10-05T10:43:11","guid":{"rendered":"http:\/\/brainwork.com.tr\/en\/?page_id=239"},"modified":"2016-12-09T09:46:46","modified_gmt":"2016-12-09T07:46:46","slug":"tax-incentives-reductions-exceptions","status":"publish","type":"page","link":"https:\/\/brainwork.com.tr\/en\/services\/tax-incentives-reductions-exceptions\/","title":{"rendered":"Tax Incentives, Reductions, Exceptions"},"content":{"rendered":"<p>Investment incentives, exception fort he earnings from education investments, T\u00dcB\u0130TAK research and development incentives, T\u00dcB\u0130TAK AGY500 Reports, consultancy on the incentives of Development Agencies and all related reporting services.<\/p>\n","protected":false},"excerpt":{"rendered":"<p>Investment incentives, exception fort he earnings from education investments, T\u00dcB\u0130TAK research and development incentives, T\u00dcB\u0130TAK AGY500 Reports, consultancy on the incentives of Development Agencies and all related reporting services.<\/p>\n","protected":false},"author":1,"featured_media":0,"parent":216,"menu_order":0,"comment_status":"closed","ping_status":"closed","template":"template-fullwidth.php","meta":{"_links_to":"","_links_to_target":""},"_links":{"self":[{"href":"https:\/\/brainwork.com.tr\/en\/wp-json\/wp\/v2\/pages\/239"}],"collection":[{"href":"https:\/\/brainwork.com.tr\/en\/wp-json\/wp\/v2\/pages"}],"about":[{"href":"https:\/\/brainwork.com.tr\/en\/wp-json\/wp\/v2\/types\/page"}],"author":[{"embeddable":true,"href":"https:\/\/brainwork.com.tr\/en\/wp-json\/wp\/v2\/users\/1"}],"replies":[{"embeddable":true,"href":"https:\/\/brainwork.com.tr\/en\/wp-json\/wp\/v2\/comments?post=239"}],"version-history":[{"count":0,"href":"https:\/\/brainwork.com.tr\/en\/wp-json\/wp\/v2\/pages\/239\/revisions"}],"up":[{"embeddable":true,"href":"https:\/\/brainwork.com.tr\/en\/wp-json\/wp\/v2\/pages\/216"}],"wp:attachment":[{"href":"https:\/\/brainwork.com.tr\/en\/wp-json\/wp\/v2\/media?parent=239"}],"curies":[{"name":"wp","href":"https:\/\/api.w.org\/{rel}","templated":true}]}}