{"id":267,"date":"2016-10-05T13:52:30","date_gmt":"2016-10-05T10:52:30","guid":{"rendered":"http:\/\/brainwork.com.tr\/en\/?page_id=267"},"modified":"2016-12-09T09:41:44","modified_gmt":"2016-12-09T07:41:44","slug":"contact","status":"publish","type":"page","link":"https:\/\/brainwork.com.tr\/en\/contact\/","title":{"rendered":"Contact"},"content":{"rendered":"<p><iframe style=\"border: 0px currentColor;\" src=\"https:\/\/www.google.com\/maps\/embed?pb=!1m16!1m12!1m3!1d1256.6072772907841!2d32.82857186940221!3d39.89352402813249!2m3!1f0!2f0!3f0!3m2!1i1024!2i768!4f13.1!2m1!1sbrainwork+yeminli+mali+m%C3%BC%C5%9Favirlik+ve+denetim+a.%C5%9F.%2C+%C3%A7ankaya%2Fankara!5e0!3m2!1str!2str!4v1475829380189\" width=\"600\" height=\"450\" frameborder=\"0\" allowfullscreen=\"allowfullscreen\"><\/iframe><\/p>\n<p>Telefon: 0312 480 58 88<\/p>\n<p>Ankara Ofisi: \u00d6ve\u00e7ler Mahallesi \u00c7etin Eme\u00e7 Bulvar\u0131 Kabil Cad. (4. Cad) No:3\/13 \u00c7ankaya Ankara<\/p>\n","protected":false},"excerpt":{"rendered":"<p>Telefon: 0312 480 58 88 Ankara Ofisi: \u00d6ve\u00e7ler Mahallesi \u00c7etin Eme\u00e7 Bulvar\u0131 Kabil Cad. (4. Cad) No:3\/13 \u00c7ankaya Ankara<\/p>\n","protected":false},"author":1,"featured_media":0,"parent":0,"menu_order":0,"comment_status":"closed","ping_status":"closed","template":"template-contact.php","meta":{"_links_to":"","_links_to_target":""},"_links":{"self":[{"href":"https:\/\/brainwork.com.tr\/en\/wp-json\/wp\/v2\/pages\/267"}],"collection":[{"href":"https:\/\/brainwork.com.tr\/en\/wp-json\/wp\/v2\/pages"}],"about":[{"href":"https:\/\/brainwork.com.tr\/en\/wp-json\/wp\/v2\/types\/page"}],"author":[{"embeddable":true,"href":"https:\/\/brainwork.com.tr\/en\/wp-json\/wp\/v2\/users\/1"}],"replies":[{"embeddable":true,"href":"https:\/\/brainwork.com.tr\/en\/wp-json\/wp\/v2\/comments?post=267"}],"version-history":[{"count":0,"href":"https:\/\/brainwork.com.tr\/en\/wp-json\/wp\/v2\/pages\/267\/revisions"}],"wp:attachment":[{"href":"https:\/\/brainwork.com.tr\/en\/wp-json\/wp\/v2\/media?parent=267"}],"curies":[{"name":"wp","href":"https:\/\/api.w.org\/{rel}","templated":true}]}}